{"id":2660,"date":"2025-06-20T20:31:46","date_gmt":"2025-06-20T18:31:46","guid":{"rendered":"https:\/\/activaexperience.com\/bardenas-reales-hotel\/"},"modified":"2025-11-21T17:24:20","modified_gmt":"2025-11-21T16:24:20","slug":"bardenas-reales-hotel","status":"publish","type":"page","link":"https:\/\/activaexperience.com\/fr\/bardenas-reales-hotel\/","title":{"rendered":"H\u00f4tel Bardenas Reales"},"content":{"rendered":"\t\t<div data-elementor-type=\"wp-page\" data-elementor-id=\"2660\" class=\"elementor elementor-2660 elementor-687\" data-elementor-post-type=\"page\">\n\t\t\t\t<div data-dce-background-image-url=\"https:\/\/activaexperience.com\/wp-content\/uploads\/2025\/07\/P1250693-Panorama-Modifier-min-scaled.jpg\" class=\"elementor-element elementor-element-e822ce6 e-flex e-con-boxed e-con e-parent\" data-id=\"e822ce6\" data-element_type=\"container\" data-e-type=\"container\" data-settings=\"{&quot;background_background&quot;:&quot;classic&quot;,&quot;shape_divider_bottom&quot;:&quot;mountains&quot;}\">\n\t\t\t\t\t<div class=\"e-con-inner\">\n\t\t\t\t<div class=\"elementor-shape elementor-shape-bottom\" aria-hidden=\"true\" data-negative=\"false\">\n\t\t\t<svg xmlns=\"http:\/\/www.w3.org\/2000\/svg\" viewBox=\"0 0 1000 100\" preserveAspectRatio=\"none\">\n\t<path class=\"elementor-shape-fill\" opacity=\"0.33\" d=\"M473,67.3c-203.9,88.3-263.1-34-320.3,0C66,119.1,0,59.7,0,59.7V0h1000v59.7 c0,0-62.1,26.1-94.9,29.3c-32.8,3.3-62.8-12.3-75.8-22.1C806,49.6,745.3,8.7,694.9,4.7S492.4,59,473,67.3z\"\/>\n\t<path class=\"elementor-shape-fill\" opacity=\"0.66\" d=\"M734,67.3c-45.5,0-77.2-23.2-129.1-39.1c-28.6-8.7-150.3-10.1-254,39.1 s-91.7-34.4-149.2,0C115.7,118.3,0,39.8,0,39.8V0h1000v36.5c0,0-28.2-18.5-92.1-18.5C810.2,18.1,775.7,67.3,734,67.3z\"\/>\n\t<path class=\"elementor-shape-fill\" d=\"M766.1,28.9c-200-57.5-266,65.5-395.1,19.5C242,1.8,242,5.4,184.8,20.6C128,35.8,132.3,44.9,89.9,52.5C28.6,63.7,0,0,0,0 h1000c0,0-9.9,40.9-83.6,48.1S829.6,47,766.1,28.9z\"\/>\n<\/svg>\t\t<\/div>\n\t\t<div class=\"elementor-element elementor-element-3b39209 e-con-full e-flex e-con e-child\" data-id=\"3b39209\" data-element_type=\"container\" data-e-type=\"container\">\n\t\t\t\t<div data-dce-title-color=\"#FFFFFF\" class=\"elementor-element elementor-element-538e4d0 elementor-widget elementor-widget-heading\" data-id=\"538e4d0\" data-element_type=\"widget\" data-e-type=\"widget\" data-widget_type=\"heading.default\">\n\t\t\t\t<div class=\"elementor-widget-container\">\n\t\t\t\t\t<h1 class=\"elementor-heading-title elementor-size-default\">H\u00f4tel Bardenas Reales<\/h1>\t\t\t\t<\/div>\n\t\t\t\t<\/div>\n\t\t\t\t<div data-dce-title-color=\"#FFFFFF\" class=\"elementor-element elementor-element-e521771 elementor-widget elementor-widget-heading\" data-id=\"e521771\" data-element_type=\"widget\" data-e-type=\"widget\" data-widget_type=\"heading.default\">\n\t\t\t\t<div class=\"elementor-widget-container\">\n\t\t\t\t\t<h2 class=\"elementor-heading-title elementor-size-default\">Profitez de votre aventure compl\u00e8te : Activit\u00e9 avec h\u00e9bergement<\/h2>\t\t\t\t<\/div>\n\t\t\t\t<\/div>\n\t\t\t\t<div class=\"elementor-element elementor-element-c8b9d72 breadcrumb-contacto elementor-widget elementor-widget-shortcode\" data-id=\"c8b9d72\" data-element_type=\"widget\" data-e-type=\"widget\" data-widget_type=\"shortcode.default\">\n\t\t\t\t<div class=\"elementor-widget-container\">\n\t\t\t\t\t\t\t<div class=\"elementor-shortcode\"><nav aria-label=\"breadcrumbs\" class=\"rank-math-breadcrumb\"><p><span class=\"last\">Accueil<\/span><\/p><\/nav><\/div>\n\t\t\t\t\t\t<\/div>\n\t\t\t\t<\/div>\n\t\t\t\t<\/div>\n\t\t\t\t\t<\/div>\n\t\t\t\t<\/div>\n\t\t<div class=\"elementor-element elementor-element-0920e20 e-flex e-con-boxed e-con e-parent\" data-id=\"0920e20\" data-element_type=\"container\" data-e-type=\"container\">\n\t\t\t\t\t<div class=\"e-con-inner\">\n\t\t\t\t<div class=\"elementor-element elementor-element-ccb0e9f elementor-widget elementor-widget-heading\" data-id=\"ccb0e9f\" data-element_type=\"widget\" data-e-type=\"widget\" data-widget_type=\"heading.default\">\n\t\t\t\t<div class=\"elementor-widget-container\">\n\t\t\t\t\t<h2 class=\"elementor-heading-title elementor-size-default\">Votre base pour explorer les vraies Bardenas<\/h2>\t\t\t\t<\/div>\n\t\t\t\t<\/div>\n\t\t\t\t<div class=\"elementor-element elementor-element-aa9484d elementor-widget elementor-widget-text-editor\" data-id=\"aa9484d\" data-element_type=\"widget\" data-e-type=\"widget\" data-widget_type=\"text-editor.default\">\n\t\t\t\t<div class=\"elementor-widget-container\">\n\t\t\t\t\t\t\t\t\t<p>Si vous \u00eates venu jusqu\u2019ici \u00e0 la recherche d\u2019un h\u00f4tel pr\u00e8s des Bardenas Reales, c\u2019est parce que vous savez d\u00e9j\u00e0 que <strong>ce paysage semi-d\u00e9sertique ne peut pas \u00eatre explor\u00e9 en une seule journ\u00e9e<\/strong>. Chez Activa Experience, nous organisons non seulement des itin\u00e9raires en buggy ou en 4&#215;4, mais nous vous aidons \u00e9galement \u00e0 compl\u00e9ter votre exp\u00e9rience avec le meilleur h\u00e9bergement possible. <\/p><p>Nous vous recommandons un <strong>h\u00f4tel-appartement \u00e0 quelques minutes du Parc Naturel<\/strong>, id\u00e9al pour se reposer apr\u00e8s une journ\u00e9e d\u2019aventure. Parfait pour les familles, les couples ou les groupes \u00e0 la recherche de confort et de proximit\u00e9.   <\/p>\t\t\t\t\t\t\t\t<\/div>\n\t\t\t\t<\/div>\n\t\t\t\t<div data-dce-background-color=\"#6A961F\" class=\"elementor-element elementor-element-e500ab4 elementor-align-left elementor-widget elementor-widget-button\" data-id=\"e500ab4\" data-element_type=\"widget\" data-e-type=\"widget\" data-widget_type=\"button.default\">\n\t\t\t\t<div class=\"elementor-widget-container\">\n\t\t\t\t\t\t\t\t\t<div class=\"elementor-button-wrapper\">\n\t\t\t\t\t<a class=\"elementor-button elementor-button-link elementor-size-sm\" href=\"https:\/\/ruralsuite.com\/fr\/hotel-bardenas-reales\/\" target=\"_blank\" rel=\"noopener\">\n\t\t\t\t\t\t<span class=\"elementor-button-content-wrapper\">\n\t\t\t\t\t\t\t\t\t<span class=\"elementor-button-text\">R\u00e9servez votre h\u00f4tel \u00e0 Bardenas<\/span>\n\t\t\t\t\t<\/span>\n\t\t\t\t\t<\/a>\n\t\t\t\t<\/div>\n\t\t\t\t\t\t\t\t<\/div>\n\t\t\t\t<\/div>\n\t\t\t\t\t<\/div>\n\t\t\t\t<\/div>\n\t\t<div data-dce-background-color=\"#F8FAEF\" class=\"elementor-element elementor-element-183b63f e-flex e-con-boxed e-con e-parent\" data-id=\"183b63f\" data-element_type=\"container\" data-e-type=\"container\" data-settings=\"{&quot;background_background&quot;:&quot;classic&quot;}\">\n\t\t\t\t\t<div class=\"e-con-inner\">\n\t\t<div data-dce-background-color=\"#FFFFFF\" class=\"elementor-element elementor-element-707be2d e-con-full e-flex e-con e-child\" data-id=\"707be2d\" data-element_type=\"container\" data-e-type=\"container\" data-settings=\"{&quot;background_background&quot;:&quot;classic&quot;}\">\n\t\t\t\t<div class=\"elementor-element elementor-element-9e3cbbe elementor-widget elementor-widget-heading\" data-id=\"9e3cbbe\" data-element_type=\"widget\" data-e-type=\"widget\" data-widget_type=\"heading.default\">\n\t\t\t\t<div class=\"elementor-widget-container\">\n\t\t\t\t\t<h3 class=\"elementor-heading-title elementor-size-default\">EMPLACEMENT DE R\u00c9F\u00c9RENCE DANS LES BARDENAS REALES<\/h3>\t\t\t\t<\/div>\n\t\t\t\t<\/div>\n\t\t\t\t<div class=\"elementor-element elementor-element-4d85342 elementor-widget elementor-widget-text-editor\" data-id=\"4d85342\" data-element_type=\"widget\" data-e-type=\"widget\" data-widget_type=\"text-editor.default\">\n\t\t\t\t<div class=\"elementor-widget-container\">\n\t\t\t\t\t\t\t\t\t<p>Nous vous facilitons la t\u00e2che :<\/p><ul><li>Situ\u00e9 \u00e0 seulement 5 minutes de Tudela et \u00e0 15 minutes des Bardenas Reales<\/li><li>Suites Appartements spacieux et enti\u00e8rement \u00e9quip\u00e9s<\/li><li>25 000 m\u00b2 d\u2019espace naturel<\/li><li>Point de rencontre pour les meilleures exp\u00e9riences d\u2019aventure telles que les itin\u00e9raires en buggy et en 4&#215;4<\/li><li>Cadre paisible con\u00e7u pour les familles, les couples ou les groupes<\/li><\/ul><p><br>Tout est con\u00e7u pour que vous puissiez vous concentrer sur ce qui est important : <strong>vivre l\u2019aventure et en profiter<\/strong><\/p>\t\t\t\t\t\t\t\t<\/div>\n\t\t\t\t<\/div>\n\t\t\t\t<\/div>\n\t\t<div class=\"elementor-element elementor-element-a578919 e-con-full e-flex e-con e-child\" data-id=\"a578919\" data-element_type=\"container\" data-e-type=\"container\">\n\t\t\t\t<div class=\"elementor-element elementor-element-b69a75c dce_masking-none elementor-widget elementor-widget-image\" data-id=\"b69a75c\" data-element_type=\"widget\" data-e-type=\"widget\" data-widget_type=\"image.default\">\n\t\t\t\t<div class=\"elementor-widget-container\">\n\t\t\t\t\t\t\t\t\t\t\t\t\t\t\t<img loading=\"lazy\" decoding=\"async\" width=\"2560\" height=\"1713\" src=\"https:\/\/activaexperience.com\/wp-content\/uploads\/2025\/07\/Ofertas-Activa-Experience-scaled.jpg\" class=\"attachment-full size-full wp-image-2247\" alt=\"\" srcset=\"https:\/\/activaexperience.com\/wp-content\/uploads\/2025\/07\/Ofertas-Activa-Experience-scaled.jpg 2560w, https:\/\/activaexperience.com\/wp-content\/uploads\/2025\/07\/Ofertas-Activa-Experience-300x201.jpg 300w, https:\/\/activaexperience.com\/wp-content\/uploads\/2025\/07\/Ofertas-Activa-Experience-1024x685.jpg 1024w, https:\/\/activaexperience.com\/wp-content\/uploads\/2025\/07\/Ofertas-Activa-Experience-768x514.jpg 768w, https:\/\/activaexperience.com\/wp-content\/uploads\/2025\/07\/Ofertas-Activa-Experience-1536x1028.jpg 1536w, https:\/\/activaexperience.com\/wp-content\/uploads\/2025\/07\/Ofertas-Activa-Experience-2048x1370.jpg 2048w\" sizes=\"auto, (max-width: 2560px) 100vw, 2560px\" \/>\t\t\t\t\t\t\t\t\t\t\t\t\t\t\t<\/div>\n\t\t\t\t<\/div>\n\t\t\t\t<\/div>\n\t\t\t\t\t<\/div>\n\t\t\t\t<\/div>\n\t\t<div class=\"elementor-element elementor-element-90c8f63 e-flex e-con-boxed e-con e-parent\" data-id=\"90c8f63\" data-element_type=\"container\" data-e-type=\"container\">\n\t\t\t\t\t<div class=\"e-con-inner\">\n\t\t\t\t<div class=\"elementor-element elementor-element-d0b075e elementor-widget elementor-widget-heading\" data-id=\"d0b075e\" data-element_type=\"widget\" data-e-type=\"widget\" data-widget_type=\"heading.default\">\n\t\t\t\t<div class=\"elementor-widget-container\">\n\t\t\t\t\t<h2 class=\"elementor-heading-title elementor-size-default\">Activit\u00e9s + H\u00e9bergement = meilleur prix<\/h2>\t\t\t\t<\/div>\n\t\t\t\t<\/div>\n\t\t\t\t<div class=\"elementor-element elementor-element-c8a152a elementor-widget elementor-widget-heading\" data-id=\"c8a152a\" data-element_type=\"widget\" data-e-type=\"widget\" data-widget_type=\"heading.default\">\n\t\t\t\t<div class=\"elementor-widget-container\">\n\t\t\t\t\t<p class=\"elementor-heading-title elementor-size-default\">De nombreux voyageurs r\u00e9servent nos activit\u00e9s et nous consultent en m\u00eame temps :<\/p>\t\t\t\t<\/div>\n\t\t\t\t<\/div>\n\t\t\t\t<div class=\"elementor-element elementor-element-d393891 elementor-blockquote--skin-border elementor-widget elementor-widget-blockquote\" data-id=\"d393891\" data-element_type=\"widget\" data-e-type=\"widget\" data-widget_type=\"blockquote.default\">\n\t\t\t\t<div class=\"elementor-widget-container\">\n\t\t\t\t\t\t\t<blockquote class=\"elementor-blockquote\">\n\t\t\t<p class=\"elementor-blockquote__content\">\n\t\t\t\tO\u00f9 peut-on dormir pr\u00e8s du d\u00e9sert ?\t\t\t<\/p>\n\t\t\t\t\t<\/blockquote>\n\t\t\t\t\t\t<\/div>\n\t\t\t\t<\/div>\n\t\t\t\t<div class=\"elementor-element elementor-element-d70d1d9 elementor-widget elementor-widget-text-editor\" data-id=\"d70d1d9\" data-element_type=\"widget\" data-e-type=\"widget\" data-widget_type=\"text-editor.default\">\n\t\t\t\t<div class=\"elementor-widget-container\">\n\t\t\t\t\t\t\t\t\t<p>C\u2019est pourquoi nous vous facilitons la t\u00e2che :<br>S\u00e9journez dans un environnement calme, avec des d\u00e9parts directs pour vos itin\u00e9raires en buggy, des visites guid\u00e9es et toutes les exp\u00e9riences disponibles \u00e0 Activa Experience \u00e0 travers l\u2019environnement naturel de La Ribera de Navarra.<\/p><p>Nous avons cr\u00e9\u00e9 des offres que vous ne pouvez pas manquer pour vivre pleinement votre aventure.  <\/p>\t\t\t\t\t\t\t\t<\/div>\n\t\t\t\t<\/div>\n\t\t\t\t\t<\/div>\n\t\t\t\t<\/div>\n\t\t<div data-dce-background-image-url=\"https:\/\/activaexperience.com\/wp-content\/uploads\/2025\/07\/vista-altos-.jpeg\" class=\"elementor-element elementor-element-1d8e17e e-flex e-con-boxed e-con e-parent\" data-id=\"1d8e17e\" data-element_type=\"container\" data-e-type=\"container\" data-settings=\"{&quot;background_background&quot;:&quot;classic&quot;}\">\n\t\t\t\t\t<div class=\"e-con-inner\">\n\t\t<div class=\"elementor-element elementor-element-ce0af5d e-con-full e-flex e-con e-child\" data-id=\"ce0af5d\" data-element_type=\"container\" data-e-type=\"container\">\n\t\t<div class=\"elementor-element elementor-element-24dce1a e-con-full e-flex e-con e-child\" data-id=\"24dce1a\" data-element_type=\"container\" data-e-type=\"container\">\n\t\t\t\t<div data-dce-title-color=\"#FFFFFF\" class=\"elementor-element elementor-element-5ef7308 elementor-widget elementor-widget-heading\" data-id=\"5ef7308\" data-element_type=\"widget\" data-e-type=\"widget\" data-widget_type=\"heading.default\">\n\t\t\t\t<div class=\"elementor-widget-container\">\n\t\t\t\t\t<h2 class=\"elementor-heading-title elementor-size-default\">Ruralsuite hotel apartments<\/h2>\t\t\t\t<\/div>\n\t\t\t\t<\/div>\n\t\t\t\t<\/div>\n\t\t<div class=\"elementor-element elementor-element-a31cb59 e-con-full e-flex e-con e-child\" data-id=\"a31cb59\" data-element_type=\"container\" data-e-type=\"container\">\n\t\t\t\t<div data-dce-title-color=\"#FFFFFF\" class=\"elementor-element elementor-element-2449f55 elementor-widget elementor-widget-heading\" data-id=\"2449f55\" data-element_type=\"widget\" data-e-type=\"widget\" data-widget_type=\"heading.default\">\n\t\t\t\t<div class=\"elementor-widget-container\">\n\t\t\t\t\t<h2 class=\"elementor-heading-title elementor-size-default\">R\u00e9servations directes, sans interm\u00e9diaires et au meilleur prix<\/h2>\t\t\t\t<\/div>\n\t\t\t\t<\/div>\n\t\t\t\t<div data-dce-background-color=\"#F4A12A\" class=\"elementor-element elementor-element-c9e4880 elementor-widget elementor-widget-button\" data-id=\"c9e4880\" data-element_type=\"widget\" data-e-type=\"widget\" data-widget_type=\"button.default\">\n\t\t\t\t<div class=\"elementor-widget-container\">\n\t\t\t\t\t\t\t\t\t<div class=\"elementor-button-wrapper\">\n\t\t\t\t\t<a class=\"elementor-button elementor-button-link elementor-size-sm\" href=\"https:\/\/activaexperience.com\/fr\/offres-et-packs\/\">\n\t\t\t\t\t\t<span class=\"elementor-button-content-wrapper\">\n\t\t\t\t\t\t\t\t\t<span class=\"elementor-button-text\">Voir les offres<\/span>\n\t\t\t\t\t<\/span>\n\t\t\t\t\t<\/a>\n\t\t\t\t<\/div>\n\t\t\t\t\t\t\t\t<\/div>\n\t\t\t\t<\/div>\n\t\t\t\t<\/div>\n\t\t\t\t<\/div>\n\t\t\t\t\t<\/div>\n\t\t\t\t<\/div>\n\t\t<div class=\"elementor-element elementor-element-8cc8f5d e-flex e-con-boxed e-con e-parent\" data-id=\"8cc8f5d\" data-element_type=\"container\" data-e-type=\"container\">\n\t\t\t\t\t<div class=\"e-con-inner\">\n\t\t\t\t<div class=\"elementor-element elementor-element-1ebd02f elementor-widget elementor-widget-heading\" data-id=\"1ebd02f\" data-element_type=\"widget\" data-e-type=\"widget\" data-widget_type=\"heading.default\">\n\t\t\t\t<div class=\"elementor-widget-container\">\n\t\t\t\t\t<h2 class=\"elementor-heading-title elementor-size-default\">FAQ POUR L\u2019H\u00d4TEL BARDENAS REALES<\/h2>\t\t\t\t<\/div>\n\t\t\t\t<\/div>\n\t\t\t\t<div data-dce-title-color=\"#333333\" class=\"dce-fix-background-loop elementor-element elementor-element-164ecf7 elementor-widget__width-initial elementor-widget elementor-widget-dce-acf-repeater-v2\" data-id=\"164ecf7\" data-element_type=\"widget\" data-e-type=\"widget\" data-settings=\"{&quot;dce_acf_repeater_format&quot;:&quot;accordion&quot;,&quot;dce_acf_repeater_accordion_start&quot;:&quot;none&quot;,&quot;accordion_speed&quot;:{&quot;unit&quot;:&quot;ms&quot;,&quot;size&quot;:300,&quot;sizes&quot;:[]}}\" data-widget_type=\"dce-acf-repeater-v2.default\">\n\t\t\t\t<div class=\"elementor-widget-container\">\n\t\t\t\t\t<div class=\"dce-acf-repeater\">\t\t\t\t<ul class=\"dce-acf-repeater-wrapper\">\n\t\t\t\t\t\t\t\t\t\t<li class=\"dce-acf-repeater-item acc_section item\" id=\"dce-acf-repeater-section-164ecf7-1\">\n\t\t\t\t\t\t\t\t\t<h3>\t\t<button class=\"acc_button\" type=\"button\" id=\"dce-acf-repeater-button-164ecf7-1\" aria-expanded=\"false\" aria-controls=\"dce-acf-repeater-content-164ecf7-1\">\n\t\t\t<span class='icon dce-accordion-icon accordion-icon-left'><svg aria-hidden=\"true\" class=\"e-font-icon-svg e-fas-plus\" viewBox=\"0 0 448 512\" xmlns=\"http:\/\/www.w3.org\/2000\/svg\"><path d=\"M416 208H272V64c0-17.67-14.33-32-32-32h-32c-17.67 0-32 14.33-32 32v144H32c-17.67 0-32 14.33-32 32v32c0 17.67 14.33 32 32 32h144v144c0 17.67 14.33 32 32 32h32c17.67 0 32-14.33 32-32V304h144c17.67 0 32-14.33 32-32v-32c0-17.67-14.33-32-32-32z\"><\/path><\/svg><\/span><span class='icon-active dce-accordion-icon accordion-icon-left'><svg aria-hidden=\"true\" class=\"e-font-icon-svg e-fas-minus\" viewBox=\"0 0 448 512\" xmlns=\"http:\/\/www.w3.org\/2000\/svg\"><path d=\"M416 208H32c-17.67 0-32 14.33-32 32v32c0 17.67 14.33 32 32 32h384c17.67 0 32-14.33 32-32v-32c0-17.67-14.33-32-32-32z\"><\/path><\/svg><\/span>\t\t\t<span class=\"accordion-title\">\n\t\t\t\tO\u00f9 se trouve l\u2019h\u00f4tel recommand\u00e9 pour visiter les Bardenas Reales ?\t\t\t<\/span>\n\t\t\t\t\t<\/button>\n\t\t<\/h3>\t\t\t\t\t\t\t\t\t<div class=\"acc_content\" id=\"dce-acf-repeater-content-164ecf7-1\" aria-labelledby=\"dce-acf-repeater-button-164ecf7-1\" aria-hidden=\"true\">\n\t\t\t\t\t\t<span class=\"repeater-item elementor-repeater-item-6886072\">L\u2019h\u00f4tel est situ\u00e9 \u00e0 quelques minutes de l\u2019acc\u00e8s principal au parc naturel des Bardenas Reales, dans un quartier calme et en pleine nature, id\u00e9al comme base pour explorer les environs.<\/span><\/div><\/li>\t\t\t\t\t\t<li class=\"dce-acf-repeater-item acc_section item\" id=\"dce-acf-repeater-section-164ecf7-2\">\n\t\t\t\t\t\t\t\t\t<h3>\t\t<button class=\"acc_button\" type=\"button\" id=\"dce-acf-repeater-button-164ecf7-2\" aria-expanded=\"false\" aria-controls=\"dce-acf-repeater-content-164ecf7-2\">\n\t\t\t<span class='icon dce-accordion-icon accordion-icon-left'><svg aria-hidden=\"true\" class=\"e-font-icon-svg e-fas-plus\" viewBox=\"0 0 448 512\" xmlns=\"http:\/\/www.w3.org\/2000\/svg\"><path d=\"M416 208H272V64c0-17.67-14.33-32-32-32h-32c-17.67 0-32 14.33-32 32v144H32c-17.67 0-32 14.33-32 32v32c0 17.67 14.33 32 32 32h144v144c0 17.67 14.33 32 32 32h32c17.67 0 32-14.33 32-32V304h144c17.67 0 32-14.33 32-32v-32c0-17.67-14.33-32-32-32z\"><\/path><\/svg><\/span><span class='icon-active dce-accordion-icon accordion-icon-left'><svg aria-hidden=\"true\" class=\"e-font-icon-svg e-fas-minus\" viewBox=\"0 0 448 512\" xmlns=\"http:\/\/www.w3.org\/2000\/svg\"><path d=\"M416 208H32c-17.67 0-32 14.33-32 32v32c0 17.67 14.33 32 32 32h384c17.67 0 32-14.33 32-32v-32c0-17.67-14.33-32-32-32z\"><\/path><\/svg><\/span>\t\t\t<span class=\"accordion-title\">\n\t\t\t\tPuis-je r\u00e9server un h\u00e9bergement et des activit\u00e9s en m\u00eame temps ?\t\t\t<\/span>\n\t\t\t\t\t<\/button>\n\t\t<\/h3>\t\t\t\t\t\t\t\t\t<div class=\"acc_content\" id=\"dce-acf-repeater-content-164ecf7-2\" aria-labelledby=\"dce-acf-repeater-button-164ecf7-2\" aria-hidden=\"true\">\n\t\t\t\t\t\t<span class=\"repeater-item elementor-repeater-item-6886072\">Oui. Chez Activa Experience, nous vous aidons \u00e0 organiser \u00e0 la fois votre h\u00e9bergement et les exp\u00e9riences : itin\u00e9raires en buggy, 4x4, activit\u00e9s gastronomiques ou culturelles. Le tout \u00e0 partir d\u2019un seul point de contact.  <\/span><\/div><\/li>\t\t\t\t\t\t<li class=\"dce-acf-repeater-item acc_section item\" id=\"dce-acf-repeater-section-164ecf7-3\">\n\t\t\t\t\t\t\t\t\t<h3>\t\t<button class=\"acc_button\" type=\"button\" id=\"dce-acf-repeater-button-164ecf7-3\" aria-expanded=\"false\" aria-controls=\"dce-acf-repeater-content-164ecf7-3\">\n\t\t\t<span class='icon dce-accordion-icon accordion-icon-left'><svg aria-hidden=\"true\" class=\"e-font-icon-svg e-fas-plus\" viewBox=\"0 0 448 512\" xmlns=\"http:\/\/www.w3.org\/2000\/svg\"><path d=\"M416 208H272V64c0-17.67-14.33-32-32-32h-32c-17.67 0-32 14.33-32 32v144H32c-17.67 0-32 14.33-32 32v32c0 17.67 14.33 32 32 32h144v144c0 17.67 14.33 32 32 32h32c17.67 0 32-14.33 32-32V304h144c17.67 0 32-14.33 32-32v-32c0-17.67-14.33-32-32-32z\"><\/path><\/svg><\/span><span class='icon-active dce-accordion-icon accordion-icon-left'><svg aria-hidden=\"true\" class=\"e-font-icon-svg e-fas-minus\" viewBox=\"0 0 448 512\" xmlns=\"http:\/\/www.w3.org\/2000\/svg\"><path d=\"M416 208H32c-17.67 0-32 14.33-32 32v32c0 17.67 14.33 32 32 32h384c17.67 0 32-14.33 32-32v-32c0-17.67-14.33-32-32-32z\"><\/path><\/svg><\/span>\t\t\t<span class=\"accordion-title\">\n\t\t\t\tL\u2019h\u00f4tel est-il adapt\u00e9 aux familles ou aux groupes ?\t\t\t<\/span>\n\t\t\t\t\t<\/button>\n\t\t<\/h3>\t\t\t\t\t\t\t\t\t<div class=\"acc_content\" id=\"dce-acf-repeater-content-164ecf7-3\" aria-labelledby=\"dce-acf-repeater-button-164ecf7-3\" aria-hidden=\"true\">\n\t\t\t\t\t\t<span class=\"repeater-item elementor-repeater-item-6886072\">Totalement. Il dispose de suites appartements avec cuisine, salon et terrasse priv\u00e9e. C\u2019est un choix parfait pour les familles, les escapades entre amis ou les s\u00e9jours d\u2019entreprise.  <\/span><\/div><\/li>\t\t\t\t\t\t<li class=\"dce-acf-repeater-item acc_section item\" id=\"dce-acf-repeater-section-164ecf7-4\">\n\t\t\t\t\t\t\t\t\t<h3>\t\t<button class=\"acc_button\" type=\"button\" id=\"dce-acf-repeater-button-164ecf7-4\" aria-expanded=\"false\" aria-controls=\"dce-acf-repeater-content-164ecf7-4\">\n\t\t\t<span class='icon dce-accordion-icon accordion-icon-left'><svg aria-hidden=\"true\" class=\"e-font-icon-svg e-fas-plus\" viewBox=\"0 0 448 512\" xmlns=\"http:\/\/www.w3.org\/2000\/svg\"><path d=\"M416 208H272V64c0-17.67-14.33-32-32-32h-32c-17.67 0-32 14.33-32 32v144H32c-17.67 0-32 14.33-32 32v32c0 17.67 14.33 32 32 32h144v144c0 17.67 14.33 32 32 32h32c17.67 0 32-14.33 32-32V304h144c17.67 0 32-14.33 32-32v-32c0-17.67-14.33-32-32-32z\"><\/path><\/svg><\/span><span class='icon-active dce-accordion-icon accordion-icon-left'><svg aria-hidden=\"true\" class=\"e-font-icon-svg e-fas-minus\" viewBox=\"0 0 448 512\" xmlns=\"http:\/\/www.w3.org\/2000\/svg\"><path d=\"M416 208H32c-17.67 0-32 14.33-32 32v32c0 17.67 14.33 32 32 32h384c17.67 0 32-14.33 32-32v-32c0-17.67-14.33-32-32-32z\"><\/path><\/svg><\/span>\t\t\t<span class=\"accordion-title\">\n\t\t\t\tQuelles activit\u00e9s puis-je faire \u00e0 proximit\u00e9 de l\u2019h\u00f4tel ?\t\t\t<\/span>\n\t\t\t\t\t<\/button>\n\t\t<\/h3>\t\t\t\t\t\t\t\t\t<div class=\"acc_content\" id=\"dce-acf-repeater-content-164ecf7-4\" aria-labelledby=\"dce-acf-repeater-button-164ecf7-4\" aria-hidden=\"true\">\n\t\t\t\t\t\t<span class=\"repeater-item elementor-repeater-item-6886072\">Depuis l\u2019h\u00e9bergement lui-m\u00eame, vous pouvez facilement acc\u00e9der \u00e0 des itin\u00e9raires guid\u00e9s en buggy et en 4x4, \u00e0 l\u2019observation des oiseaux, \u00e0 des exp\u00e9riences gastronomiques ou \u00e0 des ateliers culturels dans la Ribera de Navarra.<\/span><\/div><\/li>\t\t\t\t\t\t<li class=\"dce-acf-repeater-item acc_section item\" id=\"dce-acf-repeater-section-164ecf7-5\">\n\t\t\t\t\t\t\t\t\t<h3>\t\t<button class=\"acc_button\" type=\"button\" id=\"dce-acf-repeater-button-164ecf7-5\" aria-expanded=\"false\" aria-controls=\"dce-acf-repeater-content-164ecf7-5\">\n\t\t\t<span class='icon dce-accordion-icon accordion-icon-left'><svg aria-hidden=\"true\" class=\"e-font-icon-svg e-fas-plus\" viewBox=\"0 0 448 512\" xmlns=\"http:\/\/www.w3.org\/2000\/svg\"><path d=\"M416 208H272V64c0-17.67-14.33-32-32-32h-32c-17.67 0-32 14.33-32 32v144H32c-17.67 0-32 14.33-32 32v32c0 17.67 14.33 32 32 32h144v144c0 17.67 14.33 32 32 32h32c17.67 0 32-14.33 32-32V304h144c17.67 0 32-14.33 32-32v-32c0-17.67-14.33-32-32-32z\"><\/path><\/svg><\/span><span class='icon-active dce-accordion-icon accordion-icon-left'><svg aria-hidden=\"true\" class=\"e-font-icon-svg e-fas-minus\" viewBox=\"0 0 448 512\" xmlns=\"http:\/\/www.w3.org\/2000\/svg\"><path d=\"M416 208H32c-17.67 0-32 14.33-32 32v32c0 17.67 14.33 32 32 32h384c17.67 0 32-14.33 32-32v-32c0-17.67-14.33-32-32-32z\"><\/path><\/svg><\/span>\t\t\t<span class=\"accordion-title\">\n\t\t\t\tDois-je rester pour r\u00e9server des activit\u00e9s avec Activa Experience ?\t\t\t<\/span>\n\t\t\t\t\t<\/button>\n\t\t<\/h3>\t\t\t\t\t\t\t\t\t<div class=\"acc_content\" id=\"dce-acf-repeater-content-164ecf7-5\" aria-labelledby=\"dce-acf-repeater-button-164ecf7-5\" aria-hidden=\"true\">\n\t\t\t\t\t\t<span class=\"repeater-item elementor-repeater-item-6886072\">Non, vous pouvez r\u00e9server les activit\u00e9s s\u00e9par\u00e9ment. Mais si vous \u00eates \u00e0 la recherche du confort, si vous organisez tout depuis le m\u00eame endroit et si vous vivez une exp\u00e9rience compl\u00e8te, nous vous recommandons de s\u00e9journer dans notre h\u00f4tel de r\u00e9f\u00e9rence. <\/span><\/div><\/li><\/ul><\/div>\t\t\t\t<\/div>\n\t\t\t\t<\/div>\n\t\t\t\t\t<\/div>\n\t\t\t\t<\/div>\n\t\t\t\t<\/div>\n\t\t","protected":false},"excerpt":{"rendered":"<p>Profitez de votre aventure compl\u00e8te : Activit\u00e9 avec h\u00e9bergement Votre base pour explorer les vraies Bardenas Si vous \u00eates venu jusqu\u2019ici \u00e0 la recherche d\u2019un h\u00f4tel pr\u00e8s des Bardenas Reales, c\u2019est parce que vous savez d\u00e9j\u00e0 que ce paysage semi-d\u00e9sertique ne peut pas \u00eatre explor\u00e9 en une seule journ\u00e9e. Chez Activa Experience, nous organisons non [&hellip;]<\/p>\n","protected":false},"author":1,"featured_media":2247,"parent":0,"menu_order":0,"comment_status":"closed","ping_status":"closed","template":"","meta":{"_acf_changed":false,"_joinchat":[],"footnotes":""},"class_list":["post-2660","page","type-page","status-publish","has-post-thumbnail","hentry"],"acf":[],"_links":{"self":[{"href":"https:\/\/activaexperience.com\/fr\/wp-json\/wp\/v2\/pages\/2660","targetHints":{"allow":["GET"]}}],"collection":[{"href":"https:\/\/activaexperience.com\/fr\/wp-json\/wp\/v2\/pages"}],"about":[{"href":"https:\/\/activaexperience.com\/fr\/wp-json\/wp\/v2\/types\/page"}],"author":[{"embeddable":true,"href":"https:\/\/activaexperience.com\/fr\/wp-json\/wp\/v2\/users\/1"}],"replies":[{"embeddable":true,"href":"https:\/\/activaexperience.com\/fr\/wp-json\/wp\/v2\/comments?post=2660"}],"version-history":[{"count":2,"href":"https:\/\/activaexperience.com\/fr\/wp-json\/wp\/v2\/pages\/2660\/revisions"}],"predecessor-version":[{"id":4068,"href":"https:\/\/activaexperience.com\/fr\/wp-json\/wp\/v2\/pages\/2660\/revisions\/4068"}],"wp:featuredmedia":[{"embeddable":true,"href":"https:\/\/activaexperience.com\/fr\/wp-json\/wp\/v2\/media\/2247"}],"wp:attachment":[{"href":"https:\/\/activaexperience.com\/fr\/wp-json\/wp\/v2\/media?parent=2660"}],"curies":[{"name":"wp","href":"https:\/\/api.w.org\/{rel}","templated":true}]}}