{"id":2645,"date":"2025-05-22T17:57:40","date_gmt":"2025-05-22T15:57:40","guid":{"rendered":"https:\/\/activaexperience.com\/environnement\/"},"modified":"2025-11-21T17:22:17","modified_gmt":"2025-11-21T16:22:17","slug":"environnement","status":"publish","type":"page","link":"https:\/\/activaexperience.com\/fr\/environnement\/","title":{"rendered":"Environnement"},"content":{"rendered":"\t\t<div data-elementor-type=\"wp-page\" data-elementor-id=\"2645\" class=\"elementor elementor-2645 elementor-126\" data-elementor-post-type=\"page\">\n\t\t\t\t<div data-dce-background-overlay-color=\"#333333\" data-dce-background-image-url=\"https:\/\/activaexperience.com\/wp-content\/uploads\/2025\/08\/fondo-entorno-ribera-de-navarra.webp\" class=\"elementor-element elementor-element-42a2081 e-flex e-con-boxed e-con e-parent\" data-id=\"42a2081\" data-element_type=\"container\" data-e-type=\"container\" data-settings=\"{&quot;background_background&quot;:&quot;classic&quot;,&quot;shape_divider_bottom&quot;:&quot;mountains&quot;}\">\n\t\t\t\t\t<div class=\"e-con-inner\">\n\t\t\t\t<div class=\"elementor-shape elementor-shape-bottom\" aria-hidden=\"true\" data-negative=\"false\">\n\t\t\t<svg xmlns=\"http:\/\/www.w3.org\/2000\/svg\" viewBox=\"0 0 1000 100\" preserveAspectRatio=\"none\">\n\t<path class=\"elementor-shape-fill\" opacity=\"0.33\" d=\"M473,67.3c-203.9,88.3-263.1-34-320.3,0C66,119.1,0,59.7,0,59.7V0h1000v59.7 c0,0-62.1,26.1-94.9,29.3c-32.8,3.3-62.8-12.3-75.8-22.1C806,49.6,745.3,8.7,694.9,4.7S492.4,59,473,67.3z\"\/>\n\t<path class=\"elementor-shape-fill\" opacity=\"0.66\" d=\"M734,67.3c-45.5,0-77.2-23.2-129.1-39.1c-28.6-8.7-150.3-10.1-254,39.1 s-91.7-34.4-149.2,0C115.7,118.3,0,39.8,0,39.8V0h1000v36.5c0,0-28.2-18.5-92.1-18.5C810.2,18.1,775.7,67.3,734,67.3z\"\/>\n\t<path class=\"elementor-shape-fill\" d=\"M766.1,28.9c-200-57.5-266,65.5-395.1,19.5C242,1.8,242,5.4,184.8,20.6C128,35.8,132.3,44.9,89.9,52.5C28.6,63.7,0,0,0,0 h1000c0,0-9.9,40.9-83.6,48.1S829.6,47,766.1,28.9z\"\/>\n<\/svg>\t\t<\/div>\n\t\t<div class=\"elementor-element elementor-element-64db3d1 e-con-full e-flex e-con e-child\" data-id=\"64db3d1\" data-element_type=\"container\" data-e-type=\"container\">\n\t\t\t\t<div data-dce-title-color=\"#FFFFFF\" class=\"elementor-element elementor-element-f7a8197 elementor-widget elementor-widget-heading\" data-id=\"f7a8197\" data-element_type=\"widget\" data-e-type=\"widget\" data-widget_type=\"heading.default\">\n\t\t\t\t<div class=\"elementor-widget-container\">\n\t\t\t\t\t<h2 class=\"elementor-heading-title elementor-size-default\">Environnement  de la Ribera de Navarra<\/h2>\t\t\t\t<\/div>\n\t\t\t\t<\/div>\n\t\t\t\t<\/div>\n\t\t\t\t\t<\/div>\n\t\t\t\t<\/div>\n\t\t<div class=\"elementor-element elementor-element-de522bf e-flex e-con-boxed e-con e-parent\" data-id=\"de522bf\" data-element_type=\"container\" data-e-type=\"container\">\n\t\t\t\t\t<div class=\"e-con-inner\">\n\t\t<div class=\"elementor-element elementor-element-8aeef38 e-con-full e-flex e-con e-child\" data-id=\"8aeef38\" data-element_type=\"container\" data-e-type=\"container\">\n\t\t\t\t<div class=\"elementor-element elementor-element-6dafba7 elementor-widget elementor-widget-heading\" data-id=\"6dafba7\" data-element_type=\"widget\" data-e-type=\"widget\" data-widget_type=\"heading.default\">\n\t\t\t\t<div class=\"elementor-widget-container\">\n\t\t\t\t\t<h2 class=\"elementor-heading-title elementor-size-default\">D\u00e9couvrez les villes de la Ribera de Navarra<\/h2>\t\t\t\t<\/div>\n\t\t\t\t<\/div>\n\t\t\t\t<div class=\"elementor-element elementor-element-021b4dc elementor-widget elementor-widget-text-editor\" data-id=\"021b4dc\" data-element_type=\"widget\" data-e-type=\"widget\" data-widget_type=\"text-editor.default\">\n\t\t\t\t<div class=\"elementor-widget-container\">\n\t\t\t\t\t\t\t\t\t<p><strong>Nature sauvage, culture vivante et aventures inoubliables<\/strong><\/p><p>Imaginez un endroit o\u00f9 le d\u00e9sert des Bardenas Reales se confond avec des vall\u00e9es fertiles, des villages charg\u00e9s d\u2019histoire et de traditions authentiques. Chez ActivaExperience, nous vous invitons \u00e0 explorer la Ribera de Navarra \u00e0 travers des exp\u00e9riences uniques qui se connectent \u00e0 vous et au territoire : itin\u00e9raires en buggy, balades \u00e0 v\u00e9lo, observation des \u00e9toiles et bien plus encore. <\/p>\t\t\t\t\t\t\t\t<\/div>\n\t\t\t\t<\/div>\n\t\t\t\t<\/div>\n\t\t\t\t\t<\/div>\n\t\t\t\t<\/div>\n\t\t<div class=\"elementor-element elementor-element-70217af e-flex e-con-boxed e-con e-parent\" data-id=\"70217af\" data-element_type=\"container\" data-e-type=\"container\">\n\t\t\t\t\t<div class=\"e-con-inner\">\n\t\t\t\t<div class=\"elementor-element elementor-element-52a49d4 menu-align-center elementor-widget elementor-widget-taxonomy-terms-menu\" data-id=\"52a49d4\" data-element_type=\"widget\" data-e-type=\"widget\" data-widget_type=\"taxonomy-terms-menu.default\">\n\t\t\t\t<div class=\"elementor-widget-container\">\n\t\t\t\t\t<nav class=\"dce-menu dce-flex-menu horizontal\"><ul class=\"first-level\"><li class=\"dce-term-134\"><a href=\"https:\/\/activaexperience.com\/fr\/bardenas-reales-fr\/\"><img decoding=\"async\" src=\"https:\/\/activaexperience.com\/wp-content\/uploads\/elementor\/thumbs\/travel-6470467_1920-r7l651lqs0uv5woetbk602vvtay5m791s5afhc5db4.jpg\" alt=\"Bardenas Reales\" \/><span>Bardenas Reales<\/span><\/a><\/li><li class=\"dce-term-136\"><a href=\"https:\/\/activaexperience.com\/fr\/cascante-fr\/\"><img decoding=\"async\" src=\"https:\/\/activaexperience.com\/wp-content\/uploads\/elementor\/thumbs\/cascante-entorno-activa-experience-r8y4fc9krykt5x7bd3p294ygody29xrpacwkb7mh0g.webp\" alt=\"Cascante\" \/><span>Cascante<\/span><\/a><\/li><li class=\"dce-term-138\"><a href=\"https:\/\/activaexperience.com\/fr\/fitero-fr\/\"><img decoding=\"async\" src=\"https:\/\/activaexperience.com\/wp-content\/uploads\/elementor\/thumbs\/Fitero-localidad-r9nnxazahuo6i0r453x2hh04fkkskx9u1vbcxx0fc0.webp\" alt=\"Fitero\" \/><span>Fitero<\/span><\/a><\/li><li class=\"dce-term-140\"><a href=\"https:\/\/activaexperience.com\/fr\/murchante-fr\/\"><img decoding=\"async\" src=\"https:\/\/activaexperience.com\/wp-content\/uploads\/elementor\/thumbs\/murchante-localidad-r9nnyk3jlwdxzaxktnf5t5m8y2eeue8y82mnz75j1c.webp\" alt=\"Murchante\" \/><span>Murchante<\/span><\/a><\/li><li class=\"dce-term-142\"><a href=\"https:\/\/activaexperience.com\/fr\/tudela-fr\/\"><img decoding=\"async\" src=\"https:\/\/activaexperience.com\/wp-content\/uploads\/elementor\/thumbs\/tudela-panoramica-ruralsuite-opt-r8y4ix1gs9h3ci09h5cy8qgm26bckgyxg2a324bjc0.webp\" alt=\"Tudela\" \/><span>Tudela<\/span><\/a><\/li><li class=\"dce-term-144\"><a href=\"https:\/\/activaexperience.com\/fr\/vallee-du-queiles\/\"><img decoding=\"async\" src=\"https:\/\/activaexperience.com\/wp-content\/uploads\/elementor\/thumbs\/chaandersoon-qwz-KIdVaa8-unsplash-min-1-scaled-r99k5xh3qfl2cskcuqxw97itf1ah5jf5jd2jvc0ujk.jpg\" alt=\"Vall\u00e9e du Queiles\" \/><span>Vall\u00e9e du Queiles<\/span><\/a><\/li><\/ul><\/nav>\t\t\t\t<\/div>\n\t\t\t\t<\/div>\n\t\t\t\t\t<\/div>\n\t\t\t\t<\/div>\n\t\t<div data-dce-background-color=\"#F8FAEF\" class=\"elementor-element elementor-element-b3f27ed e-flex e-con-boxed e-con e-parent\" data-id=\"b3f27ed\" data-element_type=\"container\" data-e-type=\"container\" data-settings=\"{&quot;background_background&quot;:&quot;classic&quot;}\">\n\t\t\t\t\t<div class=\"e-con-inner\">\n\t\t\t\t<div class=\"elementor-element elementor-element-0ab7f06 elementor-widget elementor-widget-heading\" data-id=\"0ab7f06\" data-element_type=\"widget\" data-e-type=\"widget\" data-widget_type=\"heading.default\">\n\t\t\t\t<div class=\"elementor-widget-container\">\n\t\t\t\t\t<h2 class=\"elementor-heading-title elementor-size-default\">La Ribera de Navarra comme vous ne l\u2019avez jamais connue<\/h2>\t\t\t\t<\/div>\n\t\t\t\t<\/div>\n\t\t\t\t<div class=\"elementor-element elementor-element-599431c elementor-widget elementor-widget-text-editor\" data-id=\"599431c\" data-element_type=\"widget\" data-e-type=\"widget\" data-widget_type=\"text-editor.default\">\n\t\t\t\t<div class=\"elementor-widget-container\">\n\t\t\t\t\t\t\t\t\t<p>La Ribera de Navarra est une destination surprenante qui captive d\u00e8s le premier instant. Imaginez-vous voyager \u00e0 travers des paysages d\u00e9sertiques, des vignobles et des routes rurales tout en explorant des environnements uniques tels que les Bardenas Reales ou la vall\u00e9e de Queiles. Une terre de contrastes propice \u00e0 l\u2019aventure !  <\/p><p>Ici, l\u2019histoire et la nature s\u2019entrem\u00ealent \u00e0 chaque tournant. Gr\u00e2ce \u00e0 nos activit\u00e9s guid\u00e9es \u2013 en buggy, en 4&#215;4, \u00e0 v\u00e9lo ou \u00e0 pied \u2013 vous pourrez d\u00e9couvrir des coins recul\u00e9s, des traditions vivantes et des exp\u00e9riences qui vous relient \u00e0 l\u2019\u00e2me du territoire. <\/p><p>Chez ActivaExperience, nous vous proposons un catalogue d\u2019aventures pour explorer la Ribera de mani\u00e8re durable, amusante et authentique.<\/p>\t\t\t\t\t\t\t\t<\/div>\n\t\t\t\t<\/div>\n\t\t\t\t<div class=\"elementor-element elementor-element-cac678f menu-align-center elementor-widget elementor-widget-taxonomy-terms-menu\" data-id=\"cac678f\" data-element_type=\"widget\" data-e-type=\"widget\" data-widget_type=\"taxonomy-terms-menu.default\">\n\t\t\t\t<div class=\"elementor-widget-container\">\n\t\t\t\t\t<nav class=\"dce-menu dce-flex-menu horizontal\"><ul class=\"first-level\"><li class=\"dce-term-98\"><a href=\"https:\/\/activaexperience.com\/fr\/activites-speciales\/\"><img decoding=\"async\" src=\"https:\/\/activaexperience.com\/wp-content\/uploads\/elementor\/thumbs\/16-Degustacion-vina-min-scaled-r99jiowqrvrvbubijpbxm2mkq3tsux61ocger2h8dc.jpg\" alt=\"Activit\u00e9s sp\u00e9ciales\" \/><span>Activit\u00e9s sp\u00e9ciales<\/span><\/a><\/li><li class=\"dce-term-100\"><a href=\"https:\/\/activaexperience.com\/fr\/velo\/\"><img decoding=\"async\" src=\"https:\/\/activaexperience.com\/wp-content\/uploads\/elementor\/thumbs\/bikes-r99j6rci0lfty1nh81nfgl0x90n258sppabifm65cw.jpg\" alt=\"V\u00e9lo\" \/><span>V\u00e9lo<\/span><\/a><\/li><li class=\"dce-term-102\"><a href=\"https:\/\/activaexperience.com\/fr\/randonnees-4x4\/\"><img decoding=\"async\" src=\"https:\/\/activaexperience.com\/wp-content\/uploads\/elementor\/thumbs\/IMG_9930-min-scaled-r99j2rj6yxyylpgdjthid3bed2bwfjxs5ii80a3dsw.jpeg\" alt=\"Randonn\u00e9es 4x4\" \/><span>Randonn\u00e9es 4x4<\/span><\/a><\/li><li class=\"dce-term-104\"><a href=\"https:\/\/activaexperience.com\/fr\/excursions-en-buggy\/\"><img decoding=\"async\" src=\"https:\/\/activaexperience.com\/wp-content\/uploads\/elementor\/thumbs\/DSC8388-min-r98d8h5yynz5hhf77pu9o75geamrgy2v22wo3bhcww.jpg\" alt=\"Excursions en buggy\" \/><span>Excursions en buggy<\/span><\/a><\/li><\/ul><\/nav>\t\t\t\t<\/div>\n\t\t\t\t<\/div>\n\t\t\t\t<div data-dce-background-color=\"#F4A12A00\" class=\"elementor-element elementor-element-ac9ec6f elementor-align-center elementor-widget elementor-widget-button\" data-id=\"ac9ec6f\" data-element_type=\"widget\" data-e-type=\"widget\" data-widget_type=\"button.default\">\n\t\t\t\t<div class=\"elementor-widget-container\">\n\t\t\t\t\t\t\t\t\t<div class=\"elementor-button-wrapper\">\n\t\t\t\t\t<a class=\"elementor-button elementor-button-link elementor-size-sm\" href=\"https:\/\/activaexperience.com\/fr\/experiences-activa-experience\/\">\n\t\t\t\t\t\t<span class=\"elementor-button-content-wrapper\">\n\t\t\t\t\t\t\t\t\t<span class=\"elementor-button-text\">Voir toutes les exp\u00e9riences<\/span>\n\t\t\t\t\t<\/span>\n\t\t\t\t\t<\/a>\n\t\t\t\t<\/div>\n\t\t\t\t\t\t\t\t<\/div>\n\t\t\t\t<\/div>\n\t\t\t\t\t<\/div>\n\t\t\t\t<\/div>\n\t\t\t\t<\/div>\n\t\t","protected":false},"excerpt":{"rendered":"<p>D\u00e9couvrez les villes de la Ribera de Navarra Nature sauvage, culture vivante et aventures inoubliables Imaginez un endroit o\u00f9 le d\u00e9sert des Bardenas Reales se confond avec des vall\u00e9es fertiles, des villages charg\u00e9s d\u2019histoire et de traditions authentiques. Chez ActivaExperience, nous vous invitons \u00e0 explorer la Ribera de Navarra \u00e0 travers des exp\u00e9riences uniques qui [&hellip;]<\/p>\n","protected":false},"author":1,"featured_media":2447,"parent":0,"menu_order":0,"comment_status":"closed","ping_status":"closed","template":"","meta":{"_acf_changed":false,"_joinchat":[],"footnotes":""},"class_list":["post-2645","page","type-page","status-publish","has-post-thumbnail","hentry"],"acf":[],"_links":{"self":[{"href":"https:\/\/activaexperience.com\/fr\/wp-json\/wp\/v2\/pages\/2645","targetHints":{"allow":["GET"]}}],"collection":[{"href":"https:\/\/activaexperience.com\/fr\/wp-json\/wp\/v2\/pages"}],"about":[{"href":"https:\/\/activaexperience.com\/fr\/wp-json\/wp\/v2\/types\/page"}],"author":[{"embeddable":true,"href":"https:\/\/activaexperience.com\/fr\/wp-json\/wp\/v2\/users\/1"}],"replies":[{"embeddable":true,"href":"https:\/\/activaexperience.com\/fr\/wp-json\/wp\/v2\/comments?post=2645"}],"version-history":[{"count":2,"href":"https:\/\/activaexperience.com\/fr\/wp-json\/wp\/v2\/pages\/2645\/revisions"}],"predecessor-version":[{"id":4062,"href":"https:\/\/activaexperience.com\/fr\/wp-json\/wp\/v2\/pages\/2645\/revisions\/4062"}],"wp:featuredmedia":[{"embeddable":true,"href":"https:\/\/activaexperience.com\/fr\/wp-json\/wp\/v2\/media\/2447"}],"wp:attachment":[{"href":"https:\/\/activaexperience.com\/fr\/wp-json\/wp\/v2\/media?parent=2645"}],"curies":[{"name":"wp","href":"https:\/\/api.w.org\/{rel}","templated":true}]}}